{"id":57,"date":"2026-04-21T20:01:25","date_gmt":"2026-04-21T18:01:25","guid":{"rendered":"https:\/\/www.lm-restaurant.cz\/?page_id=57"},"modified":"2026-04-27T11:22:12","modified_gmt":"2026-04-27T09:22:12","slug":"hlavni","status":"publish","type":"page","link":"https:\/\/www.lm-restaurant.cz\/","title":{"rendered":"L&#038;M Kitchen &#038; Wine Restaurant"},"content":{"rendered":"\n<p class=\"has-text-align-center\">Dobr\u00e9 j\u00eddlo. Skv\u011bl\u00e9 v\u00edno. Atmosf\u00e9ra, kter\u00e1 m\u00e1 smysl<\/p>\n\n\n\n<p><\/p>\n","protected":false},"excerpt":{"rendered":"<p>Dobr\u00e9 j\u00eddlo. Skv\u011bl\u00e9 v\u00edno. Atmosf\u00e9ra, kter\u00e1 m\u00e1 smysl<\/p>\n","protected":false},"author":1,"featured_media":0,"parent":0,"menu_order":0,"comment_status":"closed","ping_status":"closed","template":"","meta":{"footnotes":""},"class_list":["post-57","page","type-page","status-publish","hentry"],"_links":{"self":[{"href":"https:\/\/www.lm-restaurant.cz\/index.php\/wp-json\/wp\/v2\/pages\/57","targetHints":{"allow":["GET"]}}],"collection":[{"href":"https:\/\/www.lm-restaurant.cz\/index.php\/wp-json\/wp\/v2\/pages"}],"about":[{"href":"https:\/\/www.lm-restaurant.cz\/index.php\/wp-json\/wp\/v2\/types\/page"}],"author":[{"embeddable":true,"href":"https:\/\/www.lm-restaurant.cz\/index.php\/wp-json\/wp\/v2\/users\/1"}],"replies":[{"embeddable":true,"href":"https:\/\/www.lm-restaurant.cz\/index.php\/wp-json\/wp\/v2\/comments?post=57"}],"version-history":[{"count":4,"href":"https:\/\/www.lm-restaurant.cz\/index.php\/wp-json\/wp\/v2\/pages\/57\/revisions"}],"predecessor-version":[{"id":172,"href":"https:\/\/www.lm-restaurant.cz\/index.php\/wp-json\/wp\/v2\/pages\/57\/revisions\/172"}],"wp:attachment":[{"href":"https:\/\/www.lm-restaurant.cz\/index.php\/wp-json\/wp\/v2\/media?parent=57"}],"curies":[{"name":"wp","href":"https:\/\/api.w.org\/{rel}","templated":true}]}}