{"id":104,"date":"2026-04-27T10:14:37","date_gmt":"2026-04-27T08:14:37","guid":{"rendered":"https:\/\/www.lm-restaurant.cz\/?page_id=104"},"modified":"2026-04-27T10:37:22","modified_gmt":"2026-04-27T08:37:22","slug":"napojovy-listek-nj","status":"publish","type":"page","link":"https:\/\/www.lm-restaurant.cz\/index.php\/napojovy-listek-nj\/","title":{"rendered":"N\u00c1POJOV\u00dd L\u00cdSTEK NJ"},"content":{"rendered":"<a href=\"https:\/\/www.lm-restaurant.cz\/wp-content\/uploads\/2026\/04\/png2pdf-1.pdf\" class=\"pdfemb-viewer\" style=\"\" data-width=\"max\" data-height=\"max\" data-toolbar=\"bottom\" data-toolbar-fixed=\"off\">png2pdf-1<\/a>","protected":false},"excerpt":{"rendered":"","protected":false},"author":1,"featured_media":0,"parent":0,"menu_order":0,"comment_status":"closed","ping_status":"closed","template":"","meta":{"footnotes":""},"class_list":["post-104","page","type-page","status-publish","hentry"],"_links":{"self":[{"href":"https:\/\/www.lm-restaurant.cz\/index.php\/wp-json\/wp\/v2\/pages\/104","targetHints":{"allow":["GET"]}}],"collection":[{"href":"https:\/\/www.lm-restaurant.cz\/index.php\/wp-json\/wp\/v2\/pages"}],"about":[{"href":"https:\/\/www.lm-restaurant.cz\/index.php\/wp-json\/wp\/v2\/types\/page"}],"author":[{"embeddable":true,"href":"https:\/\/www.lm-restaurant.cz\/index.php\/wp-json\/wp\/v2\/users\/1"}],"replies":[{"embeddable":true,"href":"https:\/\/www.lm-restaurant.cz\/index.php\/wp-json\/wp\/v2\/comments?post=104"}],"version-history":[{"count":3,"href":"https:\/\/www.lm-restaurant.cz\/index.php\/wp-json\/wp\/v2\/pages\/104\/revisions"}],"predecessor-version":[{"id":120,"href":"https:\/\/www.lm-restaurant.cz\/index.php\/wp-json\/wp\/v2\/pages\/104\/revisions\/120"}],"wp:attachment":[{"href":"https:\/\/www.lm-restaurant.cz\/index.php\/wp-json\/wp\/v2\/media?parent=104"}],"curies":[{"name":"wp","href":"https:\/\/api.w.org\/{rel}","templated":true}]}}